{"id":18,"date":"2024-12-15T02:18:06","date_gmt":"2024-12-15T02:18:06","guid":{"rendered":"https:\/\/mystifying-mahavira.212-227-31-248.plesk.page\/?page_id=18"},"modified":"2025-05-28T10:39:06","modified_gmt":"2025-05-28T10:39:06","slug":"ueber-uns","status":"publish","type":"page","link":"https:\/\/mystifying-mahavira.212-227-31-248.plesk.page\/?page_id=18","title":{"rendered":"\u00dcber uns"},"content":{"rendered":"\t\t<div data-elementor-type=\"wp-page\" data-elementor-id=\"18\" class=\"elementor elementor-18\" data-elementor-settings=\"{&quot;ha_cmc_init_switcher&quot;:&quot;no&quot;}\" data-elementor-post-type=\"page\">\n\t\t\t\t<div class=\"elementor-element elementor-element-f27c223 e-flex e-con-boxed e-con e-parent\" data-id=\"f27c223\" data-element_type=\"container\" data-settings=\"{&quot;background_background&quot;:&quot;classic&quot;,&quot;shape_divider_bottom&quot;:&quot;waves&quot;,&quot;_ha_eqh_enable&quot;:false}\">\n\t\t\t\t\t<div class=\"e-con-inner\">\n\t\t\t\t<div class=\"elementor-shape elementor-shape-bottom\" data-negative=\"false\">\n\t\t\t<svg xmlns=\"http:\/\/www.w3.org\/2000\/svg\" viewBox=\"0 0 1000 100\" preserveAspectRatio=\"none\">\n\t<path class=\"elementor-shape-fill\" d=\"M421.9,6.5c22.6-2.5,51.5,0.4,75.5,5.3c23.6,4.9,70.9,23.5,100.5,35.7c75.8,32.2,133.7,44.5,192.6,49.7\n\tc23.6,2.1,48.7,3.5,103.4-2.5c54.7-6,106.2-25.6,106.2-25.6V0H0v30.3c0,0,72,32.6,158.4,30.5c39.2-0.7,92.8-6.7,134-22.4\n\tc21.2-8.1,52.2-18.2,79.7-24.2C399.3,7.9,411.6,7.5,421.9,6.5z\"\/>\n<\/svg>\t\t<\/div>\n\t\t\t\t\t<\/div>\n\t\t\t\t<\/div>\n\t\t<div class=\"elementor-element elementor-element-9c18143 e-flex e-con-boxed e-con e-parent\" data-id=\"9c18143\" data-element_type=\"container\" data-settings=\"{&quot;_ha_eqh_enable&quot;:false}\">\n\t\t\t\t\t<div class=\"e-con-inner\">\n\t\t<div class=\"elementor-element elementor-element-e8c7de0 e-con-full e-flex e-con e-child\" data-id=\"e8c7de0\" data-element_type=\"container\" data-settings=\"{&quot;_ha_eqh_enable&quot;:false}\">\n\t\t\t\t<div class=\"elementor-element elementor-element-dfccb51 elementor-widget elementor-widget-heading\" data-id=\"dfccb51\" data-element_type=\"widget\" data-widget_type=\"heading.default\">\n\t\t\t\t<div class=\"elementor-widget-container\">\n\t\t\t<h2 class=\"elementor-heading-title elementor-size-default\">Hafenpflege \u2013 F\u00fcr ein selbstbestimmtes Leben zu Hause\n\n<\/h2>\t\t<\/div>\n\t\t\t\t<\/div>\n\t\t\t\t<div class=\"elementor-element elementor-element-1f3ccfd elementor-widget elementor-widget-text-editor\" data-id=\"1f3ccfd\" data-element_type=\"widget\" data-widget_type=\"text-editor.default\">\n\t\t\t\t<div class=\"elementor-widget-container\">\n\t\t\t\t\t\t\tWillkommen bei Hafenpflege, Ihrem ambulanten Pflegedienst in Hamburg. Wir sind ein engagiertes Team aus erfahrenen Pflegefachkr\u00e4ften, das sich mit Herz und Kompetenz f\u00fcr Ihr Wohlbefinden einsetzt. Unser Ziel ist es, Ihnen oder Ihren Angeh\u00f6rigen ein Leben in der gewohnten Umgebung zu erm\u00f6glichen \u2013 selbstbestimmt, sicher und w\u00fcrdevoll.\t\t\t\t\t\t<\/div>\n\t\t\t\t<\/div>\n\t\t\t\t<\/div>\n\t\t<div class=\"elementor-element elementor-element-8fae7ff e-con-full e-flex e-con e-child\" data-id=\"8fae7ff\" data-element_type=\"container\" data-settings=\"{&quot;_ha_eqh_enable&quot;:false}\">\n\t\t\t\t<div class=\"elementor-element elementor-element-61671f7 elementor-widget elementor-widget-image\" data-id=\"61671f7\" data-element_type=\"widget\" data-widget_type=\"image.default\">\n\t\t\t\t<div class=\"elementor-widget-container\">\n\t\t\t\t\t\t\t\t\t\t\t\t\t<img fetchpriority=\"high\" decoding=\"async\" width=\"1024\" height=\"258\" src=\"https:\/\/mystifying-mahavira.212-227-31-248.plesk.page\/wp-content\/uploads\/2024\/12\/hafenpflegeloso.png\" class=\"attachment-full size-full wp-image-1293\" alt=\"\" srcset=\"https:\/\/mystifying-mahavira.212-227-31-248.plesk.page\/wp-content\/uploads\/2024\/12\/hafenpflegeloso.png 1024w, https:\/\/mystifying-mahavira.212-227-31-248.plesk.page\/wp-content\/uploads\/2024\/12\/hafenpflegeloso-300x76.png 300w, https:\/\/mystifying-mahavira.212-227-31-248.plesk.page\/wp-content\/uploads\/2024\/12\/hafenpflegeloso-768x194.png 768w\" sizes=\"(max-width: 1024px) 100vw, 1024px\" \/>\t\t\t\t\t\t\t\t\t\t\t\t\t<\/div>\n\t\t\t\t<\/div>\n\t\t\t\t<\/div>\n\t\t\t\t\t<\/div>\n\t\t\t\t<\/div>\n\t\t<div class=\"elementor-element elementor-element-9b9939c e-flex e-con-boxed e-con e-parent\" data-id=\"9b9939c\" data-element_type=\"container\" data-settings=\"{&quot;background_background&quot;:&quot;classic&quot;,&quot;_ha_eqh_enable&quot;:false}\">\n\t\t\t\t\t<div class=\"e-con-inner\">\n\t\t<div class=\"elementor-element elementor-element-ee25c6c e-con-full e-flex e-con e-child\" data-id=\"ee25c6c\" data-element_type=\"container\" data-settings=\"{&quot;_ha_eqh_enable&quot;:false}\">\n\t\t\t\t<div class=\"elementor-element elementor-element-2298d00 elementor-widget elementor-widget-image\" data-id=\"2298d00\" data-element_type=\"widget\" data-widget_type=\"image.default\">\n\t\t\t\t<div class=\"elementor-widget-container\">\n\t\t\t\t\t\t\t\t\t\t\t\t\t<img decoding=\"async\" width=\"1890\" height=\"1260\" src=\"https:\/\/mystifying-mahavira.212-227-31-248.plesk.page\/wp-content\/uploads\/2025\/01\/AdobeStock_377956694.jpeg\" class=\"attachment-full size-full wp-image-1360\" alt=\"\" srcset=\"https:\/\/mystifying-mahavira.212-227-31-248.plesk.page\/wp-content\/uploads\/2025\/01\/AdobeStock_377956694.jpeg 1890w, https:\/\/mystifying-mahavira.212-227-31-248.plesk.page\/wp-content\/uploads\/2025\/01\/AdobeStock_377956694-300x200.jpeg 300w, https:\/\/mystifying-mahavira.212-227-31-248.plesk.page\/wp-content\/uploads\/2025\/01\/AdobeStock_377956694-1024x683.jpeg 1024w, https:\/\/mystifying-mahavira.212-227-31-248.plesk.page\/wp-content\/uploads\/2025\/01\/AdobeStock_377956694-768x512.jpeg 768w, https:\/\/mystifying-mahavira.212-227-31-248.plesk.page\/wp-content\/uploads\/2025\/01\/AdobeStock_377956694-1536x1024.jpeg 1536w\" sizes=\"(max-width: 1890px) 100vw, 1890px\" \/>\t\t\t\t\t\t\t\t\t\t\t\t\t<\/div>\n\t\t\t\t<\/div>\n\t\t\t\t<\/div>\n\t\t<div class=\"elementor-element elementor-element-15a4e0c e-con-full e-flex e-con e-child\" data-id=\"15a4e0c\" data-element_type=\"container\" data-settings=\"{&quot;_ha_eqh_enable&quot;:false}\">\n\t\t\t\t<div class=\"elementor-element elementor-element-4cfce7e elementor-widget elementor-widget-heading\" data-id=\"4cfce7e\" data-element_type=\"widget\" data-widget_type=\"heading.default\">\n\t\t\t\t<div class=\"elementor-widget-container\">\n\t\t\t<h4 class=\"elementor-heading-title elementor-size-default\">Daf\u00fcr stehen wir<\/h4>\t\t<\/div>\n\t\t\t\t<\/div>\n\t\t\t\t<div class=\"elementor-element elementor-element-5d84746 elementor-widget elementor-widget-heading\" data-id=\"5d84746\" data-element_type=\"widget\" data-widget_type=\"heading.default\">\n\t\t\t\t<div class=\"elementor-widget-container\">\n\t\t\t<h2 class=\"elementor-heading-title elementor-size-default\">Unsere Mission\n<\/h2>\t\t<\/div>\n\t\t\t\t<\/div>\n\t\t\t\t<div class=\"elementor-element elementor-element-280501a elementor-widget elementor-widget-text-editor\" data-id=\"280501a\" data-element_type=\"widget\" data-widget_type=\"text-editor.default\">\n\t\t\t\t<div class=\"elementor-widget-container\">\n\t\t\t\t\t\t\tHamburg ist unser Zuhause, und wie der Hafen ein Ort der Sicherheit und Verl\u00e4sslichkeit ist, so m\u00f6chten wir auch f\u00fcr unsere Klientinnen und Klienten da sein. Mit individuellen Pflegeangeboten, einem offenen Ohr und einem hohen Ma\u00df an Professionalit\u00e4t begleiten wir Sie durch den Alltag.\n\n\t\t\t\t\t\t<\/div>\n\t\t\t\t<\/div>\n\t\t\t\t<\/div>\n\t\t\t\t\t<\/div>\n\t\t\t\t<\/div>\n\t\t<div class=\"elementor-element elementor-element-72cc6ff e-flex e-con-boxed e-con e-parent\" data-id=\"72cc6ff\" data-element_type=\"container\" data-settings=\"{&quot;background_background&quot;:&quot;classic&quot;,&quot;_ha_eqh_enable&quot;:false}\">\n\t\t\t\t\t<div class=\"e-con-inner\">\n\t\t\t\t<div class=\"elementor-element elementor-element-267a034 elementor-widget elementor-widget-heading\" data-id=\"267a034\" data-element_type=\"widget\" data-widget_type=\"heading.default\">\n\t\t\t\t<div class=\"elementor-widget-container\">\n\t\t\t<h2 class=\"elementor-heading-title elementor-size-default\">Mit Herz und Kompetenz f\u00fcr Ihr Wohlbefinden<\/h2>\t\t<\/div>\n\t\t\t\t<\/div>\n\t\t\t\t<div class=\"elementor-element elementor-element-7c39f20 elementor-widget elementor-widget-heading\" data-id=\"7c39f20\" data-element_type=\"widget\" data-widget_type=\"heading.default\">\n\t\t\t\t<div class=\"elementor-widget-container\">\n\t\t\t<h3 class=\"elementor-heading-title elementor-size-default\">\u201eWie ein sicherer Hafen in st\u00fcrmischen Zeiten \u2013 wir sind an Ihrer Seite, damit Sie sich zu Hause geborgen f\u00fchlen.\u201c<\/h3>\t\t<\/div>\n\t\t\t\t<\/div>\n\t\t\t\t\t<\/div>\n\t\t\t\t<\/div>\n\t\t<div class=\"elementor-element elementor-element-47aac80 e-flex e-con-boxed e-con e-parent\" data-id=\"47aac80\" data-element_type=\"container\" data-settings=\"{&quot;background_background&quot;:&quot;classic&quot;,&quot;_ha_eqh_enable&quot;:false}\">\n\t\t\t\t\t<div class=\"e-con-inner\">\n\t\t<div class=\"elementor-element elementor-element-7ef94ad e-con-full e-flex e-con e-child\" data-id=\"7ef94ad\" data-element_type=\"container\" data-settings=\"{&quot;_ha_eqh_enable&quot;:false}\">\n\t\t\t\t<div class=\"elementor-element elementor-element-b6774b1 elementor-widget elementor-widget-heading\" data-id=\"b6774b1\" data-element_type=\"widget\" data-widget_type=\"heading.default\">\n\t\t\t\t<div class=\"elementor-widget-container\">\n\t\t\t<h4 class=\"elementor-heading-title elementor-size-default\">Das sind wir<\/h4>\t\t<\/div>\n\t\t\t\t<\/div>\n\t\t\t\t<div class=\"elementor-element elementor-element-02761f9 elementor-widget elementor-widget-heading\" data-id=\"02761f9\" data-element_type=\"widget\" data-widget_type=\"heading.default\">\n\t\t\t\t<div class=\"elementor-widget-container\">\n\t\t\t<h2 class=\"elementor-heading-title elementor-size-default\">Unser Team<\/h2>\t\t<\/div>\n\t\t\t\t<\/div>\n\t\t\t\t<div class=\"elementor-element elementor-element-dac700d elementor-widget elementor-widget-text-editor\" data-id=\"dac700d\" data-element_type=\"widget\" data-widget_type=\"text-editor.default\">\n\t\t\t\t<div class=\"elementor-widget-container\">\n\t\t\t\t\t\t\t<p>Bei der <strong>Hafenpflege<\/strong> stehen unsere Pflegekr\u00e4fte im Mittelpunkt \u2013 denn sie sind das Herz unseres Pflegedienstes. Mit ihrem Engagement, ihrer Erfahrung und ihrer Empathie sorgen sie daf\u00fcr, dass unsere Klientinnen und Klienten jeden Tag die Unterst\u00fctzung erhalten, die sie brauchen.<\/p><p>Unser Team besteht aus erfahrenen Pflegekr\u00e4ften, die mit Leidenschaft und Empathie arbeiten. Fortbildungen und regelm\u00e4\u00dfiger Austausch sind f\u00fcr uns selbstverst\u00e4ndlich, um Ihnen die bestm\u00f6gliche Pflege zu bieten.<\/p>\t\t\t\t\t\t<\/div>\n\t\t\t\t<\/div>\n\t\t\t\t<\/div>\n\t\t\t\t\t<\/div>\n\t\t\t\t<\/div>\n\t\t<div class=\"elementor-element elementor-element-8476630 e-flex e-con-boxed e-con e-parent\" data-id=\"8476630\" data-element_type=\"container\" data-settings=\"{&quot;background_background&quot;:&quot;classic&quot;,&quot;_ha_eqh_enable&quot;:false}\">\n\t\t\t\t\t<div class=\"e-con-inner\">\n\t\t<div class=\"elementor-element elementor-element-d4236d2 e-con-full e-flex e-con e-child\" data-id=\"d4236d2\" data-element_type=\"container\" data-settings=\"{&quot;_ha_eqh_enable&quot;:false}\">\n\t\t\t\t<div class=\"elementor-element elementor-element-b8b4a5a elementor-widget elementor-widget-heading\" data-id=\"b8b4a5a\" data-element_type=\"widget\" data-widget_type=\"heading.default\">\n\t\t\t\t<div class=\"elementor-widget-container\">\n\t\t\t<h4 class=\"elementor-heading-title elementor-size-default\">Gemeinsam stark\n<\/h4>\t\t<\/div>\n\t\t\t\t<\/div>\n\t\t\t\t<div class=\"elementor-element elementor-element-95da33f elementor-widget elementor-widget-heading\" data-id=\"95da33f\" data-element_type=\"widget\" data-widget_type=\"heading.default\">\n\t\t\t\t<div class=\"elementor-widget-container\">\n\t\t\t<h2 class=\"elementor-heading-title elementor-size-default\">F\u00fcr Sie im Einsatz\n<\/h2>\t\t<\/div>\n\t\t\t\t<\/div>\n\t\t\t\t<div class=\"elementor-element elementor-element-b9a7d12 elementor-widget elementor-widget-text-editor\" data-id=\"b9a7d12\" data-element_type=\"widget\" data-widget_type=\"text-editor.default\">\n\t\t\t\t<div class=\"elementor-widget-container\">\n\t\t\t\t\t\t\t<p>Unsere Pflegekr\u00e4fte bringen nicht nur fachliche Kompetenz mit, sondern auch ein offenes Ohr, Geduld und ein gro\u00dfes Herz. Sie arbeiten nach den h\u00f6chsten Standards der Pflege und besuchen regelm\u00e4\u00dfig Schulungen, um stets auf dem neuesten Stand der medizinischen und pflegerischen Entwicklungen zu sein.<\/p><p>Als Team arbeiten wir Hand in Hand, um Ihnen die bestm\u00f6gliche Versorgung zu bieten. Der regelm\u00e4\u00dfige Austausch und die Zusammenarbeit im Team sind f\u00fcr uns selbstverst\u00e4ndlich, denn wir wissen: Nur gemeinsam k\u00f6nnen wir die hohen Standards erf\u00fcllen, die wir uns selbst gesetzt haben.<\/p><h4>\u00a0<\/h4>\t\t\t\t\t\t<\/div>\n\t\t\t\t<\/div>\n\t\t\t\t<\/div>\n\t\t\t\t\t<\/div>\n\t\t\t\t<\/div>\n\t\t\t\t<\/div>\n\t\t","protected":false},"excerpt":{"rendered":"<p>Hafenpflege \u2013 F\u00fcr ein selbstbestimmtes Leben zu Hause Willkommen bei Hafenpflege, Ihrem ambulanten Pflegedienst in Hamburg. Wir sind ein engagiertes Team aus erfahrenen Pflegefachkr\u00e4ften, das sich mit Herz und Kompetenz f\u00fcr Ihr Wohlbefinden einsetzt. Unser Ziel ist es, Ihnen oder Ihren Angeh\u00f6rigen ein Leben in der gewohnten Umgebung zu erm\u00f6glichen \u2013 selbstbestimmt, sicher und w\u00fcrdevoll. [&hellip;]<\/p>\n","protected":false},"author":1,"featured_media":0,"parent":0,"menu_order":0,"comment_status":"closed","ping_status":"closed","template":"elementor_header_footer","meta":{"footnotes":""},"class_list":["post-18","page","type-page","status-publish","hentry"],"yoast_head":"<!-- This site is optimized with the Yoast SEO plugin v27.5 - https:\/\/yoast.com\/product\/yoast-seo-wordpress\/ -->\n<title>\u00dcber uns \u2013 Das Team von Hafenpflege stellt sich vor<\/title>\n<meta name=\"description\" content=\"Lernen Sie das engagierte Team von Hafenpflege kennen. Mit Herz, Erfahrung und Fachwissen setzen wir uns t\u00e4glich f\u00fcr Ihr Wohl ein.\" \/>\n<meta name=\"robots\" content=\"index, follow, max-snippet:-1, max-image-preview:large, max-video-preview:-1\" \/>\n<link rel=\"canonical\" href=\"https:\/\/mystifying-mahavira.212-227-31-248.plesk.page\/ueber-uns\/\" \/>\n<meta property=\"og:locale\" content=\"de_DE\" \/>\n<meta property=\"og:type\" content=\"article\" \/>\n<meta property=\"og:title\" content=\"\u00dcber uns \u2013 Das Team von Hafenpflege stellt sich vor\" \/>\n<meta property=\"og:description\" content=\"Lernen Sie das engagierte Team von Hafenpflege kennen. Mit Herz, Erfahrung und Fachwissen setzen wir uns t\u00e4glich f\u00fcr Ihr Wohl ein.\" \/>\n<meta property=\"og:url\" content=\"https:\/\/mystifying-mahavira.212-227-31-248.plesk.page\/ueber-uns\/\" \/>\n<meta property=\"og:site_name\" content=\"HafenPflege\" \/>\n<meta property=\"article:modified_time\" content=\"2025-05-28T10:39:06+00:00\" \/>\n<meta property=\"og:image\" content=\"https:\/\/mystifying-mahavira.212-227-31-248.plesk.page\/wp-content\/uploads\/2024\/12\/hafenpflegeloso.png\" \/>\n<meta name=\"twitter:card\" content=\"summary_large_image\" \/>\n<meta name=\"twitter:label1\" content=\"Gesch\u00e4tzte Lesezeit\" \/>\n\t<meta name=\"twitter:data1\" content=\"3\u00a0Minuten\" \/>\n<script type=\"application\/ld+json\" class=\"yoast-schema-graph\">{\"@context\":\"https:\\\/\\\/schema.org\",\"@graph\":[{\"@type\":\"WebPage\",\"@id\":\"https:\\\/\\\/mystifying-mahavira.212-227-31-248.plesk.page\\\/ueber-uns\\\/\",\"url\":\"https:\\\/\\\/mystifying-mahavira.212-227-31-248.plesk.page\\\/ueber-uns\\\/\",\"name\":\"\u00dcber uns \u2013 Das Team von Hafenpflege stellt sich vor\",\"isPartOf\":{\"@id\":\"https:\\\/\\\/mystifying-mahavira.212-227-31-248.plesk.page\\\/#website\"},\"primaryImageOfPage\":{\"@id\":\"https:\\\/\\\/mystifying-mahavira.212-227-31-248.plesk.page\\\/ueber-uns\\\/#primaryimage\"},\"image\":{\"@id\":\"https:\\\/\\\/mystifying-mahavira.212-227-31-248.plesk.page\\\/ueber-uns\\\/#primaryimage\"},\"thumbnailUrl\":\"https:\\\/\\\/mystifying-mahavira.212-227-31-248.plesk.page\\\/wp-content\\\/uploads\\\/2024\\\/12\\\/hafenpflegeloso.png\",\"datePublished\":\"2024-12-15T02:18:06+00:00\",\"dateModified\":\"2025-05-28T10:39:06+00:00\",\"description\":\"Lernen Sie das engagierte Team von Hafenpflege kennen. Mit Herz, Erfahrung und Fachwissen setzen wir uns t\u00e4glich f\u00fcr Ihr Wohl ein.\",\"breadcrumb\":{\"@id\":\"https:\\\/\\\/mystifying-mahavira.212-227-31-248.plesk.page\\\/ueber-uns\\\/#breadcrumb\"},\"inLanguage\":\"de\",\"potentialAction\":[{\"@type\":\"ReadAction\",\"target\":[\"https:\\\/\\\/mystifying-mahavira.212-227-31-248.plesk.page\\\/ueber-uns\\\/\"]}]},{\"@type\":\"ImageObject\",\"inLanguage\":\"de\",\"@id\":\"https:\\\/\\\/mystifying-mahavira.212-227-31-248.plesk.page\\\/ueber-uns\\\/#primaryimage\",\"url\":\"https:\\\/\\\/mystifying-mahavira.212-227-31-248.plesk.page\\\/wp-content\\\/uploads\\\/2024\\\/12\\\/hafenpflegeloso.png\",\"contentUrl\":\"https:\\\/\\\/mystifying-mahavira.212-227-31-248.plesk.page\\\/wp-content\\\/uploads\\\/2024\\\/12\\\/hafenpflegeloso.png\",\"width\":1024,\"height\":258},{\"@type\":\"BreadcrumbList\",\"@id\":\"https:\\\/\\\/mystifying-mahavira.212-227-31-248.plesk.page\\\/ueber-uns\\\/#breadcrumb\",\"itemListElement\":[{\"@type\":\"ListItem\",\"position\":1,\"name\":\"Home\",\"item\":\"https:\\\/\\\/mystifying-mahavira.212-227-31-248.plesk.page\\\/\"},{\"@type\":\"ListItem\",\"position\":2,\"name\":\"\u00dcber uns\"}]},{\"@type\":\"WebSite\",\"@id\":\"https:\\\/\\\/mystifying-mahavira.212-227-31-248.plesk.page\\\/#website\",\"url\":\"https:\\\/\\\/mystifying-mahavira.212-227-31-248.plesk.page\\\/\",\"name\":\"HafenPflege - Ambulanter Pflegedienst\",\"description\":\"\",\"publisher\":{\"@id\":\"https:\\\/\\\/mystifying-mahavira.212-227-31-248.plesk.page\\\/#organization\"},\"potentialAction\":[{\"@type\":\"SearchAction\",\"target\":{\"@type\":\"EntryPoint\",\"urlTemplate\":\"https:\\\/\\\/mystifying-mahavira.212-227-31-248.plesk.page\\\/?s={search_term_string}\"},\"query-input\":{\"@type\":\"PropertyValueSpecification\",\"valueRequired\":true,\"valueName\":\"search_term_string\"}}],\"inLanguage\":\"de\"},{\"@type\":\"Organization\",\"@id\":\"https:\\\/\\\/mystifying-mahavira.212-227-31-248.plesk.page\\\/#organization\",\"name\":\"HafenPflege Ambulanter Pflegedienst\",\"url\":\"https:\\\/\\\/mystifying-mahavira.212-227-31-248.plesk.page\\\/\",\"logo\":{\"@type\":\"ImageObject\",\"inLanguage\":\"de\",\"@id\":\"https:\\\/\\\/mystifying-mahavira.212-227-31-248.plesk.page\\\/#\\\/schema\\\/logo\\\/image\\\/\",\"url\":\"https:\\\/\\\/mystifying-mahavira.212-227-31-248.plesk.page\\\/wp-content\\\/uploads\\\/2024\\\/12\\\/hafenpflegeloso.png\",\"contentUrl\":\"https:\\\/\\\/mystifying-mahavira.212-227-31-248.plesk.page\\\/wp-content\\\/uploads\\\/2024\\\/12\\\/hafenpflegeloso.png\",\"width\":1024,\"height\":258,\"caption\":\"HafenPflege Ambulanter Pflegedienst\"},\"image\":{\"@id\":\"https:\\\/\\\/mystifying-mahavira.212-227-31-248.plesk.page\\\/#\\\/schema\\\/logo\\\/image\\\/\"}}]}<\/script>\n<!-- \/ Yoast SEO plugin. -->","yoast_head_json":{"title":"\u00dcber uns \u2013 Das Team von Hafenpflege stellt sich vor","description":"Lernen Sie das engagierte Team von Hafenpflege kennen. Mit Herz, Erfahrung und Fachwissen setzen wir uns t\u00e4glich f\u00fcr Ihr Wohl ein.","robots":{"index":"index","follow":"follow","max-snippet":"max-snippet:-1","max-image-preview":"max-image-preview:large","max-video-preview":"max-video-preview:-1"},"canonical":"https:\/\/mystifying-mahavira.212-227-31-248.plesk.page\/ueber-uns\/","og_locale":"de_DE","og_type":"article","og_title":"\u00dcber uns \u2013 Das Team von Hafenpflege stellt sich vor","og_description":"Lernen Sie das engagierte Team von Hafenpflege kennen. Mit Herz, Erfahrung und Fachwissen setzen wir uns t\u00e4glich f\u00fcr Ihr Wohl ein.","og_url":"https:\/\/mystifying-mahavira.212-227-31-248.plesk.page\/ueber-uns\/","og_site_name":"HafenPflege","article_modified_time":"2025-05-28T10:39:06+00:00","og_image":[{"url":"https:\/\/mystifying-mahavira.212-227-31-248.plesk.page\/wp-content\/uploads\/2024\/12\/hafenpflegeloso.png","type":"","width":"","height":""}],"twitter_card":"summary_large_image","twitter_misc":{"Gesch\u00e4tzte Lesezeit":"3\u00a0Minuten"},"schema":{"@context":"https:\/\/schema.org","@graph":[{"@type":"WebPage","@id":"https:\/\/mystifying-mahavira.212-227-31-248.plesk.page\/ueber-uns\/","url":"https:\/\/mystifying-mahavira.212-227-31-248.plesk.page\/ueber-uns\/","name":"\u00dcber uns \u2013 Das Team von Hafenpflege stellt sich vor","isPartOf":{"@id":"https:\/\/mystifying-mahavira.212-227-31-248.plesk.page\/#website"},"primaryImageOfPage":{"@id":"https:\/\/mystifying-mahavira.212-227-31-248.plesk.page\/ueber-uns\/#primaryimage"},"image":{"@id":"https:\/\/mystifying-mahavira.212-227-31-248.plesk.page\/ueber-uns\/#primaryimage"},"thumbnailUrl":"https:\/\/mystifying-mahavira.212-227-31-248.plesk.page\/wp-content\/uploads\/2024\/12\/hafenpflegeloso.png","datePublished":"2024-12-15T02:18:06+00:00","dateModified":"2025-05-28T10:39:06+00:00","description":"Lernen Sie das engagierte Team von Hafenpflege kennen. Mit Herz, Erfahrung und Fachwissen setzen wir uns t\u00e4glich f\u00fcr Ihr Wohl ein.","breadcrumb":{"@id":"https:\/\/mystifying-mahavira.212-227-31-248.plesk.page\/ueber-uns\/#breadcrumb"},"inLanguage":"de","potentialAction":[{"@type":"ReadAction","target":["https:\/\/mystifying-mahavira.212-227-31-248.plesk.page\/ueber-uns\/"]}]},{"@type":"ImageObject","inLanguage":"de","@id":"https:\/\/mystifying-mahavira.212-227-31-248.plesk.page\/ueber-uns\/#primaryimage","url":"https:\/\/mystifying-mahavira.212-227-31-248.plesk.page\/wp-content\/uploads\/2024\/12\/hafenpflegeloso.png","contentUrl":"https:\/\/mystifying-mahavira.212-227-31-248.plesk.page\/wp-content\/uploads\/2024\/12\/hafenpflegeloso.png","width":1024,"height":258},{"@type":"BreadcrumbList","@id":"https:\/\/mystifying-mahavira.212-227-31-248.plesk.page\/ueber-uns\/#breadcrumb","itemListElement":[{"@type":"ListItem","position":1,"name":"Home","item":"https:\/\/mystifying-mahavira.212-227-31-248.plesk.page\/"},{"@type":"ListItem","position":2,"name":"\u00dcber uns"}]},{"@type":"WebSite","@id":"https:\/\/mystifying-mahavira.212-227-31-248.plesk.page\/#website","url":"https:\/\/mystifying-mahavira.212-227-31-248.plesk.page\/","name":"HafenPflege - Ambulanter Pflegedienst","description":"","publisher":{"@id":"https:\/\/mystifying-mahavira.212-227-31-248.plesk.page\/#organization"},"potentialAction":[{"@type":"SearchAction","target":{"@type":"EntryPoint","urlTemplate":"https:\/\/mystifying-mahavira.212-227-31-248.plesk.page\/?s={search_term_string}"},"query-input":{"@type":"PropertyValueSpecification","valueRequired":true,"valueName":"search_term_string"}}],"inLanguage":"de"},{"@type":"Organization","@id":"https:\/\/mystifying-mahavira.212-227-31-248.plesk.page\/#organization","name":"HafenPflege Ambulanter Pflegedienst","url":"https:\/\/mystifying-mahavira.212-227-31-248.plesk.page\/","logo":{"@type":"ImageObject","inLanguage":"de","@id":"https:\/\/mystifying-mahavira.212-227-31-248.plesk.page\/#\/schema\/logo\/image\/","url":"https:\/\/mystifying-mahavira.212-227-31-248.plesk.page\/wp-content\/uploads\/2024\/12\/hafenpflegeloso.png","contentUrl":"https:\/\/mystifying-mahavira.212-227-31-248.plesk.page\/wp-content\/uploads\/2024\/12\/hafenpflegeloso.png","width":1024,"height":258,"caption":"HafenPflege Ambulanter Pflegedienst"},"image":{"@id":"https:\/\/mystifying-mahavira.212-227-31-248.plesk.page\/#\/schema\/logo\/image\/"}}]}},"_links":{"self":[{"href":"https:\/\/mystifying-mahavira.212-227-31-248.plesk.page\/index.php?rest_route=\/wp\/v2\/pages\/18","targetHints":{"allow":["GET"]}}],"collection":[{"href":"https:\/\/mystifying-mahavira.212-227-31-248.plesk.page\/index.php?rest_route=\/wp\/v2\/pages"}],"about":[{"href":"https:\/\/mystifying-mahavira.212-227-31-248.plesk.page\/index.php?rest_route=\/wp\/v2\/types\/page"}],"author":[{"embeddable":true,"href":"https:\/\/mystifying-mahavira.212-227-31-248.plesk.page\/index.php?rest_route=\/wp\/v2\/users\/1"}],"replies":[{"embeddable":true,"href":"https:\/\/mystifying-mahavira.212-227-31-248.plesk.page\/index.php?rest_route=%2Fwp%2Fv2%2Fcomments&post=18"}],"version-history":[{"count":88,"href":"https:\/\/mystifying-mahavira.212-227-31-248.plesk.page\/index.php?rest_route=\/wp\/v2\/pages\/18\/revisions"}],"predecessor-version":[{"id":1391,"href":"https:\/\/mystifying-mahavira.212-227-31-248.plesk.page\/index.php?rest_route=\/wp\/v2\/pages\/18\/revisions\/1391"}],"wp:attachment":[{"href":"https:\/\/mystifying-mahavira.212-227-31-248.plesk.page\/index.php?rest_route=%2Fwp%2Fv2%2Fmedia&parent=18"}],"curies":[{"name":"wp","href":"https:\/\/api.w.org\/{rel}","templated":true}]}}